{"id":37068,"date":"2023-04-06T15:48:44","date_gmt":"2023-04-06T20:48:44","guid":{"rendered":"https:\/\/meritmusic.org\/?page_id=37068"},"modified":"2025-01-15T15:31:58","modified_gmt":"2025-01-15T21:31:58","slug":"matching-gifts","status":"publish","type":"page","link":"https:\/\/meritmusic.org\/pl\/matching-gifts\/","title":{"rendered":"Pasuj\u0105ce prezenty"},"content":{"rendered":"<div data-elementor-type=\"wp-page\" data-elementor-id=\"37068\" class=\"elementor elementor-37068\" data-elementor-post-type=\"page\">\n\t\t\t\t\t\t<section class=\"elementor-section elementor-top-section elementor-element elementor-element-395509ae elementor-section-boxed elementor-section-height-default elementor-section-height-default\" data-id=\"395509ae\" data-element_type=\"section\" data-e-type=\"section\" data-settings=\"{&quot;background_background&quot;:&quot;classic&quot;}\">\n\t\t\t\t\t\t<div class=\"elementor-container elementor-column-gap-default\">\n\t\t\t\t\t<div class=\"elementor-column elementor-col-100 elementor-top-column elementor-element elementor-element-6bd4ed6f\" data-id=\"6bd4ed6f\" data-element_type=\"column\" data-e-type=\"column\">\n\t\t\t<div class=\"elementor-widget-wrap elementor-element-populated\">\n\t\t\t\t\t\t<div class=\"elementor-element elementor-element-21ceaad4 elementor-widget elementor-widget-heading\" data-id=\"21ceaad4\" data-element_type=\"widget\" data-e-type=\"widget\" data-widget_type=\"heading.default\">\n\t\t\t\t<div class=\"elementor-widget-container\">\n\t\t\t\t\t<h2 class=\"elementor-heading-title elementor-size-default\">Pasuj\u0105ce prezenty<\/h2>\t\t\t\t<\/div>\n\t\t\t\t<\/div>\n\t\t\t\t\t<\/div>\n\t\t<\/div>\n\t\t\t\t\t<\/div>\n\t\t<\/section>\n\t\t\t\t<section class=\"elementor-section elementor-top-section elementor-element elementor-element-5cc9c78 elementor-section-boxed elementor-section-height-default elementor-section-height-default\" data-id=\"5cc9c78\" data-element_type=\"section\" data-e-type=\"section\">\n\t\t\t\t\t\t<div class=\"elementor-container elementor-column-gap-default\">\n\t\t\t\t\t<div class=\"elementor-column elementor-col-100 elementor-top-column elementor-element elementor-element-1fb82ed\" data-id=\"1fb82ed\" data-element_type=\"column\" data-e-type=\"column\">\n\t\t\t<div class=\"elementor-widget-wrap elementor-element-populated\">\n\t\t\t\t\t\t<div class=\"elementor-element elementor-element-906017f elementor-widget elementor-widget-heading\" data-id=\"906017f\" data-element_type=\"widget\" data-e-type=\"widget\" data-widget_type=\"heading.default\">\n\t\t\t\t<div class=\"elementor-widget-container\">\n\t\t\t\t\t<h2 class=\"elementor-heading-title elementor-size-default\">Dopasowane prezenty mog\u0105 podwoi\u0107, a nawet potroi\u0107 Twoje wsparcie dla Merit School of Music!<\/h2>\t\t\t\t<\/div>\n\t\t\t\t<\/div>\n\t\t\t\t<div class=\"elementor-element elementor-element-afd9862 elementor-widget elementor-widget-text-editor\" data-id=\"afd9862\" data-element_type=\"widget\" data-e-type=\"widget\" data-widget_type=\"text-editor.default\">\n\t\t\t\t<div class=\"elementor-widget-container\">\n\t\t\t\t\t\t\t\t\t<p>Dopasowane prezenty i stypendia dla wolontariuszy s\u0105 wa\u017cnym \u017ar\u00f3d\u0142em finansowania Merit. Wiele firm dopasowuje datki na cele charytatywne pracownik\u00f3w. Sprawd\u017a, czy Tw\u00f3j pracodawca pokrywa datki na cele charytatywne lub zapewnia dotacje w uznaniu Twojego wolontariatu.<\/p>\t\t\t\t\t\t\t\t<\/div>\n\t\t\t\t<\/div>\n\t\t\t\t\t<\/div>\n\t\t<\/div>\n\t\t\t\t\t<\/div>\n\t\t<\/section>\n\t\t\t\t<section class=\"elementor-section elementor-top-section elementor-element elementor-element-db4ee87 elementor-section-boxed elementor-section-height-default elementor-section-height-default\" data-id=\"db4ee87\" data-element_type=\"section\" data-e-type=\"section\">\n\t\t\t\t\t\t<div class=\"elementor-container elementor-column-gap-default\">\n\t\t\t\t\t<div class=\"elementor-column elementor-col-100 elementor-top-column elementor-element elementor-element-1ea7ae7\" data-id=\"1ea7ae7\" data-element_type=\"column\" data-e-type=\"column\">\n\t\t\t<div class=\"elementor-widget-wrap elementor-element-populated\">\n\t\t\t\t\t\t<div class=\"elementor-element elementor-element-345737e elementor-widget elementor-widget-heading\" data-id=\"345737e\" data-element_type=\"widget\" data-e-type=\"widget\" data-widget_type=\"heading.default\">\n\t\t\t\t<div class=\"elementor-widget-container\">\n\t\t\t\t\t<h2 class=\"elementor-heading-title elementor-size-default\">Sprawd\u017a, czy Tw\u00f3j pracodawca przeka\u017ce darowizn\u0119 na rzecz Merit School of Music!<\/h2>\t\t\t\t<\/div>\n\t\t\t\t<\/div>\n\t\t\t\t<div class=\"elementor-element elementor-element-a456d71 elementor-widget elementor-widget-html\" data-id=\"a456d71\" data-element_type=\"widget\" data-e-type=\"widget\" data-widget_type=\"html.default\">\n\t\t\t\t<div class=\"elementor-widget-container\">\n\t\t\t\t\t<div id=\"amplyPolicySearch\"><\/div>\r\n<div id=\"amplyRoot\"><\/div>\r\n\r\n<script>\r\n    var amplyMatchOptions = {\r\n        \"instant_match\": true,\r\n        \"submit_type\": \"policy\", \r\n        \"donate_button\": true,\r\n        \"url_params\": {\r\n            \"donor_name\": \"donor_name\",\r\n            \"donor_email\": \"donor_email\",\r\n            \"amount\": \"amount\",\r\n        }\r\n    };\r\n<\/script>\r\n\r\n<script type=\"text\/javascript\" src=\"https:\/\/giveamply.com\/organization\/1257\/assets\/js\/adaptive-widget.js\"><\/script>\r\n\t\t\t\t<\/div>\n\t\t\t\t<\/div>\n\t\t\t\t\t<\/div>\n\t\t<\/div>\n\t\t\t\t\t<\/div>\n\t\t<\/section>\n\t\t\t\t<section class=\"elementor-section elementor-top-section elementor-element elementor-element-a068901 elementor-section-boxed elementor-section-height-default elementor-section-height-default\" data-id=\"a068901\" data-element_type=\"section\" data-e-type=\"section\">\n\t\t\t\t\t\t<div class=\"elementor-container elementor-column-gap-default\">\n\t\t\t\t\t<div class=\"elementor-column elementor-col-100 elementor-top-column elementor-element elementor-element-d30e26a\" data-id=\"d30e26a\" data-element_type=\"column\" data-e-type=\"column\">\n\t\t\t<div class=\"elementor-widget-wrap elementor-element-populated\">\n\t\t\t\t\t\t<div class=\"elementor-element elementor-element-25c18a2 elementor-widget elementor-widget-text-editor\" data-id=\"25c18a2\" data-element_type=\"widget\" data-e-type=\"widget\" data-widget_type=\"text-editor.default\">\n\t\t\t\t<div class=\"elementor-widget-container\">\n\t\t\t\t\t\t\t\t\t<p>Zas\u0142ugi EIN 36-3028768<\/p><p><strong>Potrzebuj\u0119 pomocy?<\/strong>\u00a0Skontaktuj si\u0119 z naszym zespo\u0142em pod adresem\u00a0<strong><a href=\"mailto:development@meritmusic.org\">development@meritmusic.org<\/a><\/strong><\/p>\t\t\t\t\t\t\t\t<\/div>\n\t\t\t\t<\/div>\n\t\t\t\t\t<\/div>\n\t\t<\/div>\n\t\t\t\t\t<\/div>\n\t\t<\/section>\n\t\t\t\t<\/div>","protected":false},"excerpt":{"rendered":"<p>Matching Gifts Matching Gifts Can Double or Even Triple Your Support of Merit School of Music! Matching gifts and volunteer grants are an important source of funding for Merit. Many [&hellip;]<\/p>\n","protected":false},"author":12,"featured_media":43623,"parent":0,"menu_order":0,"comment_status":"closed","ping_status":"closed","template":"","meta":{"_acf_changed":false,"content-type":"","site-sidebar-layout":"no-sidebar","site-content-layout":"page-builder","ast-site-content-layout":"default","site-content-style":"default","site-sidebar-style":"default","ast-global-header-display":"","ast-banner-title-visibility":"","ast-main-header-display":"","ast-hfb-above-header-display":"","ast-hfb-below-header-display":"","ast-hfb-mobile-header-display":"","site-post-title":"disabled","ast-breadcrumbs-content":"","ast-featured-img":"disabled","footer-sml-layout":"","ast-disable-related-posts":"","theme-transparent-header-meta":"","adv-header-id-meta":"","stick-header-meta":"","header-above-stick-meta":"","header-main-stick-meta":"","header-below-stick-meta":"","astra-migrate-meta-layouts":"default","ast-page-background-enabled":"default","ast-page-background-meta":{"desktop":{"background-color":"var(--ast-global-color-4)","background-image":"","background-repeat":"repeat","background-position":"center center","background-size":"auto","background-attachment":"scroll","background-type":"","background-media":"","overlay-type":"","overlay-color":"","overlay-opacity":"","overlay-gradient":""},"tablet":{"background-color":"","background-image":"","background-repeat":"repeat","background-position":"center center","background-size":"auto","background-attachment":"scroll","background-type":"","background-media":"","overlay-type":"","overlay-color":"","overlay-opacity":"","overlay-gradient":""},"mobile":{"background-color":"","background-image":"","background-repeat":"repeat","background-position":"center center","background-size":"auto","background-attachment":"scroll","background-type":"","background-media":"","overlay-type":"","overlay-color":"","overlay-opacity":"","overlay-gradient":""}},"ast-content-background-meta":{"desktop":{"background-color":"var(--ast-global-color-5)","background-image":"","background-repeat":"repeat","background-position":"center center","background-size":"auto","background-attachment":"scroll","background-type":"","background-media":"","overlay-type":"","overlay-color":"","overlay-opacity":"","overlay-gradient":""},"tablet":{"background-color":"var(--ast-global-color-5)","background-image":"","background-repeat":"repeat","background-position":"center center","background-size":"auto","background-attachment":"scroll","background-type":"","background-media":"","overlay-type":"","overlay-color":"","overlay-opacity":"","overlay-gradient":""},"mobile":{"background-color":"var(--ast-global-color-5)","background-image":"","background-repeat":"repeat","background-position":"center center","background-size":"auto","background-attachment":"scroll","background-type":"","background-media":"","overlay-type":"","overlay-color":"","overlay-opacity":"","overlay-gradient":""}},"footnotes":""},"folder":[35],"class_list":["post-37068","page","type-page","status-publish","has-post-thumbnail","hentry"],"acf":[],"yoast_head":"<!-- This site is optimized with the Yoast SEO plugin v27.5 - https:\/\/yoast.com\/product\/yoast-seo-wordpress\/ -->\n<title>Matching Gifts at Merit School of Music | Double Your Donation!<\/title>\n<meta name=\"description\" content=\"Check to see if your employer matches charitable contributions or provides grants to recognize your volunteerism.\" \/>\n<meta name=\"robots\" content=\"index, follow, max-snippet:-1, max-image-preview:large, max-video-preview:-1\" \/>\n<link rel=\"canonical\" href=\"https:\/\/meritmusic.org\/pl\/matching-gifts\/\" \/>\n<meta property=\"og:locale\" content=\"pl_PL\" \/>\n<meta property=\"og:type\" content=\"article\" \/>\n<meta property=\"og:title\" content=\"Matching Gifts at Merit School of Music | Double Your Donation!\" \/>\n<meta property=\"og:description\" content=\"Check to see if your employer matches charitable contributions or provides grants to recognize your volunteerism.\" \/>\n<meta property=\"og:url\" content=\"https:\/\/meritmusic.org\/pl\/matching-gifts\/\" \/>\n<meta property=\"og:site_name\" content=\"Merit School of Music\" \/>\n<meta property=\"article:modified_time\" content=\"2025-01-15T21:31:58+00:00\" \/>\n<meta property=\"og:image\" content=\"https:\/\/meritmusic.org\/wp-content\/uploads\/2024\/02\/merit-school-music-featured-image.jpg\" \/>\n\t<meta property=\"og:image:width\" content=\"1200\" \/>\n\t<meta property=\"og:image:height\" content=\"900\" \/>\n\t<meta property=\"og:image:type\" content=\"image\/jpeg\" \/>\n<meta name=\"twitter:card\" content=\"summary_large_image\" \/>\n<meta name=\"twitter:label1\" content=\"Szacowany czas czytania\" \/>\n\t<meta name=\"twitter:data1\" content=\"1 minuta\" \/>\n<script type=\"application\/ld+json\" class=\"yoast-schema-graph\">{\"@context\":\"https:\\\/\\\/schema.org\",\"@graph\":[{\"@type\":\"WebPage\",\"@id\":\"https:\\\/\\\/meritmusic.org\\\/matching-gifts\\\/\",\"url\":\"https:\\\/\\\/meritmusic.org\\\/matching-gifts\\\/\",\"name\":\"Matching Gifts at Merit School of Music | Double Your Donation!\",\"isPartOf\":{\"@id\":\"https:\\\/\\\/meritmusic.org\\\/#website\"},\"primaryImageOfPage\":{\"@id\":\"https:\\\/\\\/meritmusic.org\\\/matching-gifts\\\/#primaryimage\"},\"image\":{\"@id\":\"https:\\\/\\\/meritmusic.org\\\/matching-gifts\\\/#primaryimage\"},\"thumbnailUrl\":\"https:\\\/\\\/i0.wp.com\\\/meritmusic.org\\\/wp-content\\\/uploads\\\/2024\\\/02\\\/merit-school-music-featured-image.jpg?fit=1200%2C900&ssl=1\",\"datePublished\":\"2023-04-06T20:48:44+00:00\",\"dateModified\":\"2025-01-15T21:31:58+00:00\",\"description\":\"Check to see if your employer matches charitable contributions or provides grants to recognize your volunteerism.\",\"breadcrumb\":{\"@id\":\"https:\\\/\\\/meritmusic.org\\\/matching-gifts\\\/#breadcrumb\"},\"inLanguage\":\"pl-PL\",\"potentialAction\":[{\"@type\":\"ReadAction\",\"target\":[\"https:\\\/\\\/meritmusic.org\\\/matching-gifts\\\/\"]}]},{\"@type\":\"ImageObject\",\"inLanguage\":\"pl-PL\",\"@id\":\"https:\\\/\\\/meritmusic.org\\\/matching-gifts\\\/#primaryimage\",\"url\":\"https:\\\/\\\/i0.wp.com\\\/meritmusic.org\\\/wp-content\\\/uploads\\\/2024\\\/02\\\/merit-school-music-featured-image.jpg?fit=1200%2C900&ssl=1\",\"contentUrl\":\"https:\\\/\\\/i0.wp.com\\\/meritmusic.org\\\/wp-content\\\/uploads\\\/2024\\\/02\\\/merit-school-music-featured-image.jpg?fit=1200%2C900&ssl=1\",\"width\":1200,\"height\":900,\"caption\":\"A close up photo of a hand playing the cello, running a bow against the instrument's strings.\"},{\"@type\":\"BreadcrumbList\",\"@id\":\"https:\\\/\\\/meritmusic.org\\\/matching-gifts\\\/#breadcrumb\",\"itemListElement\":[{\"@type\":\"ListItem\",\"position\":1,\"name\":\"Home\",\"item\":\"https:\\\/\\\/meritmusic.org\\\/\"},{\"@type\":\"ListItem\",\"position\":2,\"name\":\"Matching Gifts\"}]},{\"@type\":\"WebSite\",\"@id\":\"https:\\\/\\\/meritmusic.org\\\/#website\",\"url\":\"https:\\\/\\\/meritmusic.org\\\/\",\"name\":\"Merit School of Music\",\"description\":\"Merit School of Music is a nationally accredited music school located in Chicago, removing barriers to high-quality music education.\",\"publisher\":{\"@id\":\"https:\\\/\\\/meritmusic.org\\\/#organization\"},\"potentialAction\":[{\"@type\":\"SearchAction\",\"target\":{\"@type\":\"EntryPoint\",\"urlTemplate\":\"https:\\\/\\\/meritmusic.org\\\/?s={search_term_string}\"},\"query-input\":{\"@type\":\"PropertyValueSpecification\",\"valueRequired\":true,\"valueName\":\"search_term_string\"}}],\"inLanguage\":\"pl-PL\"},{\"@type\":\"Organization\",\"@id\":\"https:\\\/\\\/meritmusic.org\\\/#organization\",\"name\":\"Merit School of Music\",\"url\":\"https:\\\/\\\/meritmusic.org\\\/\",\"logo\":{\"@type\":\"ImageObject\",\"inLanguage\":\"pl-PL\",\"@id\":\"https:\\\/\\\/meritmusic.org\\\/#\\\/schema\\\/logo\\\/image\\\/\",\"url\":\"https:\\\/\\\/i0.wp.com\\\/meritmusic.org\\\/wp-content\\\/uploads\\\/2022\\\/09\\\/Merit_logo.png?fit=195%2C90&ssl=1\",\"contentUrl\":\"https:\\\/\\\/i0.wp.com\\\/meritmusic.org\\\/wp-content\\\/uploads\\\/2022\\\/09\\\/Merit_logo.png?fit=195%2C90&ssl=1\",\"width\":195,\"height\":90,\"caption\":\"Merit School of Music\"},\"image\":{\"@id\":\"https:\\\/\\\/meritmusic.org\\\/#\\\/schema\\\/logo\\\/image\\\/\"}}]}<\/script>\n<!-- \/ Yoast SEO plugin. -->","yoast_head_json":{"title":"Darowizny dopasowane do potrzeb szko\u0142y muzycznej Merit School of Music | Podw\u00f3j swoj\u0105 darowizn\u0119!","description":"Sprawd\u017a, czy Tw\u00f3j pracodawca dop\u0142aca do wp\u0142at na cele charytatywne lub przyznaje dotacje w uznaniu Twojej dzia\u0142alno\u015bci wolontariackiej.","robots":{"index":"index","follow":"follow","max-snippet":"max-snippet:-1","max-image-preview":"max-image-preview:large","max-video-preview":"max-video-preview:-1"},"canonical":"https:\/\/meritmusic.org\/pl\/matching-gifts\/","og_locale":"pl_PL","og_type":"article","og_title":"Matching Gifts at Merit School of Music | Double Your Donation!","og_description":"Check to see if your employer matches charitable contributions or provides grants to recognize your volunteerism.","og_url":"https:\/\/meritmusic.org\/pl\/matching-gifts\/","og_site_name":"Merit School of Music","article_modified_time":"2025-01-15T21:31:58+00:00","og_image":[{"width":1200,"height":900,"url":"https:\/\/meritmusic.org\/wp-content\/uploads\/2024\/02\/merit-school-music-featured-image.jpg","type":"image\/jpeg"}],"twitter_card":"summary_large_image","twitter_misc":{"Szacowany czas czytania":"1 minuta"},"schema":{"@context":"https:\/\/schema.org","@graph":[{"@type":"WebPage","@id":"https:\/\/meritmusic.org\/matching-gifts\/","url":"https:\/\/meritmusic.org\/matching-gifts\/","name":"Darowizny dopasowane do potrzeb szko\u0142y muzycznej Merit School of Music | Podw\u00f3j swoj\u0105 darowizn\u0119!","isPartOf":{"@id":"https:\/\/meritmusic.org\/#website"},"primaryImageOfPage":{"@id":"https:\/\/meritmusic.org\/matching-gifts\/#primaryimage"},"image":{"@id":"https:\/\/meritmusic.org\/matching-gifts\/#primaryimage"},"thumbnailUrl":"https:\/\/i0.wp.com\/meritmusic.org\/wp-content\/uploads\/2024\/02\/merit-school-music-featured-image.jpg?fit=1200%2C900&ssl=1","datePublished":"2023-04-06T20:48:44+00:00","dateModified":"2025-01-15T21:31:58+00:00","description":"Sprawd\u017a, czy Tw\u00f3j pracodawca dop\u0142aca do wp\u0142at na cele charytatywne lub przyznaje dotacje w uznaniu Twojej dzia\u0142alno\u015bci wolontariackiej.","breadcrumb":{"@id":"https:\/\/meritmusic.org\/matching-gifts\/#breadcrumb"},"inLanguage":"pl-PL","potentialAction":[{"@type":"ReadAction","target":["https:\/\/meritmusic.org\/matching-gifts\/"]}]},{"@type":"ImageObject","inLanguage":"pl-PL","@id":"https:\/\/meritmusic.org\/matching-gifts\/#primaryimage","url":"https:\/\/i0.wp.com\/meritmusic.org\/wp-content\/uploads\/2024\/02\/merit-school-music-featured-image.jpg?fit=1200%2C900&ssl=1","contentUrl":"https:\/\/i0.wp.com\/meritmusic.org\/wp-content\/uploads\/2024\/02\/merit-school-music-featured-image.jpg?fit=1200%2C900&ssl=1","width":1200,"height":900,"caption":"A close up photo of a hand playing the cello, running a bow against the instrument's strings."},{"@type":"BreadcrumbList","@id":"https:\/\/meritmusic.org\/matching-gifts\/#breadcrumb","itemListElement":[{"@type":"ListItem","position":1,"name":"Home","item":"https:\/\/meritmusic.org\/"},{"@type":"ListItem","position":2,"name":"Matching Gifts"}]},{"@type":"WebSite","@id":"https:\/\/meritmusic.org\/#website","url":"https:\/\/meritmusic.org\/","name":"Zas\u0142u\u017cona Szko\u0142a Muzyczna","description":"Merit School of Music to akredytowana na szczeblu krajowym szko\u0142a muzyczna z siedzib\u0105 w Chicago, usuwaj\u0105ca bariery w wysokiej jako\u015bci edukacji muzycznej.","publisher":{"@id":"https:\/\/meritmusic.org\/#organization"},"potentialAction":[{"@type":"SearchAction","target":{"@type":"EntryPoint","urlTemplate":"https:\/\/meritmusic.org\/?s={search_term_string}"},"query-input":{"@type":"PropertyValueSpecification","valueRequired":true,"valueName":"search_term_string"}}],"inLanguage":"pl-PL"},{"@type":"Organization","@id":"https:\/\/meritmusic.org\/#organization","name":"Zas\u0142u\u017cona Szko\u0142a Muzyczna","url":"https:\/\/meritmusic.org\/","logo":{"@type":"ImageObject","inLanguage":"pl-PL","@id":"https:\/\/meritmusic.org\/#\/schema\/logo\/image\/","url":"https:\/\/i0.wp.com\/meritmusic.org\/wp-content\/uploads\/2022\/09\/Merit_logo.png?fit=195%2C90&ssl=1","contentUrl":"https:\/\/i0.wp.com\/meritmusic.org\/wp-content\/uploads\/2022\/09\/Merit_logo.png?fit=195%2C90&ssl=1","width":195,"height":90,"caption":"Merit School of Music"},"image":{"@id":"https:\/\/meritmusic.org\/#\/schema\/logo\/image\/"}}]}},"jetpack_sharing_enabled":true,"_links":{"self":[{"href":"https:\/\/meritmusic.org\/pl\/wp-json\/wp\/v2\/pages\/37068","targetHints":{"allow":["GET"]}}],"collection":[{"href":"https:\/\/meritmusic.org\/pl\/wp-json\/wp\/v2\/pages"}],"about":[{"href":"https:\/\/meritmusic.org\/pl\/wp-json\/wp\/v2\/types\/page"}],"author":[{"embeddable":true,"href":"https:\/\/meritmusic.org\/pl\/wp-json\/wp\/v2\/users\/12"}],"replies":[{"embeddable":true,"href":"https:\/\/meritmusic.org\/pl\/wp-json\/wp\/v2\/comments?post=37068"}],"version-history":[{"count":0,"href":"https:\/\/meritmusic.org\/pl\/wp-json\/wp\/v2\/pages\/37068\/revisions"}],"wp:featuredmedia":[{"embeddable":true,"href":"https:\/\/meritmusic.org\/pl\/wp-json\/wp\/v2\/media\/43623"}],"wp:attachment":[{"href":"https:\/\/meritmusic.org\/pl\/wp-json\/wp\/v2\/media?parent=37068"}],"wp:term":[{"taxonomy":"folder","embeddable":true,"href":"https:\/\/meritmusic.org\/pl\/wp-json\/wp\/v2\/folder?post=37068"}],"curies":[{"name":"wp","href":"https:\/\/api.w.org\/{rel}","templated":true}]}}